{"id":97,"date":"2025-02-12T19:41:55","date_gmt":"2025-02-12T19:41:55","guid":{"rendered":"https:\/\/franja.me\/gonzalez\/?page_id=97"},"modified":"2025-03-19T17:44:22","modified_gmt":"2025-03-19T23:44:22","slug":"servicios","status":"publish","type":"page","link":"https:\/\/bufetegch.mx\/en\/servicios\/","title":{"rendered":"Services"},"content":{"rendered":"<div data-elementor-type=\"wp-page\" data-elementor-id=\"97\" class=\"elementor elementor-97\" data-elementor-post-type=\"page\">\n\t\t\t\t<div class=\"elementor-element elementor-element-6d5a80b e-flex e-con-boxed e-con e-parent\" data-id=\"6d5a80b\" data-element_type=\"container\" data-settings=\"{&quot;background_background&quot;:&quot;slideshow&quot;,&quot;background_slideshow_gallery&quot;:[{&quot;id&quot;:456,&quot;url&quot;:&quot;https:\\\/\\\/bufetegch.mx\\\/wp-content\\\/uploads\\\/2025\\\/03\\\/1.jpg&quot;},{&quot;id&quot;:457,&quot;url&quot;:&quot;https:\\\/\\\/bufetegch.mx\\\/wp-content\\\/uploads\\\/2025\\\/03\\\/2.jpg&quot;},{&quot;id&quot;:458,&quot;url&quot;:&quot;https:\\\/\\\/bufetegch.mx\\\/wp-content\\\/uploads\\\/2025\\\/03\\\/3.jpg&quot;},{&quot;id&quot;:459,&quot;url&quot;:&quot;https:\\\/\\\/bufetegch.mx\\\/wp-content\\\/uploads\\\/2025\\\/03\\\/4.jpg&quot;},{&quot;id&quot;:460,&quot;url&quot;:&quot;https:\\\/\\\/bufetegch.mx\\\/wp-content\\\/uploads\\\/2025\\\/03\\\/5.jpg&quot;}],&quot;background_slideshow_slide_transition&quot;:&quot;slide_left&quot;,&quot;background_slideshow_loop&quot;:&quot;yes&quot;,&quot;background_slideshow_slide_duration&quot;:5000,&quot;background_slideshow_transition_duration&quot;:500}\">\n\t\t\t\t\t<div class=\"e-con-inner\">\n\t\t\t\t\t<\/div>\n\t\t\t\t<\/div>\n\t\t<div class=\"elementor-element elementor-element-0e241ce e-flex e-con-boxed e-con e-parent\" data-id=\"0e241ce\" data-element_type=\"container\">\n\t\t\t\t\t<div class=\"e-con-inner\">\n\t\t\t\t<div class=\"elementor-element elementor-element-49aa467 elementor-widget elementor-widget-heading\" data-id=\"49aa467\" data-element_type=\"widget\" data-widget_type=\"heading.default\">\n\t\t\t\t<div class=\"elementor-widget-container\">\n\t\t\t\t\t<h4 class=\"elementor-heading-title elementor-size-default\">The Practice of the Law Firm<\/h4>\t\t\t\t<\/div>\n\t\t\t\t<\/div>\n\t\t\t\t<div class=\"elementor-element elementor-element-54fd1f4 elementor-widget elementor-widget-text-editor\" data-id=\"54fd1f4\" data-element_type=\"widget\" data-widget_type=\"text-editor.default\">\n\t\t\t\t<div class=\"elementor-widget-container\">\n\t\t\t\t\t\t\t\t\t<p>The law firm specializes in the solution of domestic or international legal disputes of commercial nature. The vision focuses on maintaining or elevating the value of the business involved, in the understanding that it constitutes an economic unit that provides goods and services to the society. For such purposes, in accordance to the needs of the specific case, the members of the law firm will utilize the diverse mechanisms as negotiation, mediation, arbitration or litigation before State Courts.<\/p><p>\u00a0<\/p><h4><b>Professional Associations<\/b><\/h4><p>Mexican Bar Association, College of Lawyers, A.C.<\/p><p>Bar of New York, United States of America<\/p>\t\t\t\t\t\t\t\t<\/div>\n\t\t\t\t<\/div>\n\t\t\t\t\t<\/div>\n\t\t\t\t<\/div>\n\t\t\t\t<\/div>","protected":false},"excerpt":{"rendered":"<p>La Pr\u00e1ctica del Despacho El despacho se especializa en la soluci\u00f3n de controversias jur\u00eddicas dom\u00e9sticas o internacionales de \u00edndole mercantil. La visi\u00f3n se enfoca en mantener o elevar el valor del negocio involucrado, en el entendido de que constituye una unidad econ\u00f3mica que presta bienes y servicios a la sociedad. Para tales efectos, de acuerdo [&hellip;]<\/p>","protected":false},"author":1,"featured_media":0,"parent":0,"menu_order":0,"comment_status":"closed","ping_status":"closed","template":"","meta":{"footnotes":""},"class_list":["post-97","page","type-page","status-publish","hentry"],"_links":{"self":[{"href":"https:\/\/bufetegch.mx\/en\/wp-json\/wp\/v2\/pages\/97","targetHints":{"allow":["GET"]}}],"collection":[{"href":"https:\/\/bufetegch.mx\/en\/wp-json\/wp\/v2\/pages"}],"about":[{"href":"https:\/\/bufetegch.mx\/en\/wp-json\/wp\/v2\/types\/page"}],"author":[{"embeddable":true,"href":"https:\/\/bufetegch.mx\/en\/wp-json\/wp\/v2\/users\/1"}],"replies":[{"embeddable":true,"href":"https:\/\/bufetegch.mx\/en\/wp-json\/wp\/v2\/comments?post=97"}],"version-history":[{"count":11,"href":"https:\/\/bufetegch.mx\/en\/wp-json\/wp\/v2\/pages\/97\/revisions"}],"predecessor-version":[{"id":468,"href":"https:\/\/bufetegch.mx\/en\/wp-json\/wp\/v2\/pages\/97\/revisions\/468"}],"wp:attachment":[{"href":"https:\/\/bufetegch.mx\/en\/wp-json\/wp\/v2\/media?parent=97"}],"curies":[{"name":"wp","href":"https:\/\/api.w.org\/{rel}","templated":true}]}}